{"id":3933,"date":"2022-07-20T13:55:51","date_gmt":"2022-07-20T13:55:51","guid":{"rendered":"http:\/\/telecloud.com.mx\/?page_id=3933"},"modified":"2025-12-17T03:02:25","modified_gmt":"2025-12-17T03:02:25","slug":"contacto","status":"publish","type":"page","link":"https:\/\/telecloud.com.mx\/index.php\/contacto\/","title":{"rendered":"contacto"},"content":{"rendered":"<!-- Added by Post\/Page specific custom CSS plugin, thank you for using! -->\n<style>.gform_wrapper.gravity-theme input[type=\"text\"], .gform_wrapper.gravity-theme textarea {\r\nborder: 2px solid gray;\r\n  border-radius: 4px;\r\n}\r\n\r\n.gform_wrapper.gravity-theme .gform_footer input {\r\n  border: 2px solid gray;\r\n  border-radius: 4px;\r\n  padding: 8px 8px 8px 8px;\r\n}\r\n\r\n.gform_title, .gform_description {\r\ndisplay:none;\r\n}<\/style>\n\t\t<div data-elementor-type=\"wp-page\" data-elementor-id=\"3933\" class=\"elementor elementor-3933\">\n\t\t\t\t\t\t<section class=\"elementor-section elementor-top-section elementor-element elementor-element-2e9a687 elementor-section-boxed elementor-section-height-default elementor-section-height-default false\" data-id=\"2e9a687\" data-element_type=\"section\">\n\t\t\t\t\t\t<div class=\"elementor-container elementor-column-gap-default\">\n\t\t\t\t\t<div class=\"elementor-column elementor-col-100 elementor-top-column elementor-element elementor-element-370c545\" data-id=\"370c545\" data-element_type=\"column\">\n\t\t\t<div class=\"elementor-widget-wrap elementor-element-populated\">\n\t\t\t\t\t\t<div class=\"elementor-element elementor-element-7174944 elementor-widget elementor-widget-google_maps\" data-id=\"7174944\" data-element_type=\"widget\" data-widget_type=\"google_maps.default\">\n\t\t\t\t<div class=\"elementor-widget-container\">\n\t\t\t\t\t\t\t<div class=\"elementor-custom-embed\">\n\t\t\t<iframe loading=\"lazy\"\n\t\t\t\t\tsrc=\"https:\/\/maps.google.com\/maps?q=P.%C2%BA%20de%20Mosc%C3%BA%20316%2C%20Tejeda%2C%2076904%20El%20Pueblito%2C%20Qro.&#038;t=m&#038;z=17&#038;output=embed&#038;iwloc=near\"\n\t\t\t\t\ttitle=\"P.\u00ba de Mosc\u00fa 316, Tejeda, 76904 El Pueblito, Qro.\"\n\t\t\t\t\taria-label=\"P.\u00ba de Mosc\u00fa 316, Tejeda, 76904 El Pueblito, Qro.\"\n\t\t\t><\/iframe>\n\t\t<\/div>\n\t\t\t\t\t\t<\/div>\n\t\t\t\t<\/div>\n\t\t\t\t\t<\/div>\n\t\t<\/div>\n\t\t\t\t\t<\/div>\n\t\t<\/section>\n\t\t\t\t<section class=\"elementor-section elementor-top-section elementor-element elementor-element-31703e5 elementor-section-boxed elementor-section-height-default elementor-section-height-default false\" data-id=\"31703e5\" data-element_type=\"section\">\n\t\t\t\t\t\t<div class=\"elementor-container elementor-column-gap-wider\">\n\t\t\t\t\t<div class=\"elementor-column elementor-col-50 elementor-top-column elementor-element elementor-element-1dfebd0\" data-id=\"1dfebd0\" data-element_type=\"column\">\n\t\t\t<div class=\"elementor-widget-wrap elementor-element-populated\">\n\t\t\t\t\t\t\t<\/div>\n\t\t<\/div>\n\t\t\t\t<div class=\"elementor-column elementor-col-50 elementor-top-column elementor-element elementor-element-bb2a30f\" data-id=\"bb2a30f\" data-element_type=\"column\">\n\t\t\t<div class=\"elementor-widget-wrap elementor-element-populated\">\n\t\t\t\t\t\t<div class=\"elementor-element elementor-element-f72c487 elementor-widget elementor-widget-html\" data-id=\"f72c487\" data-element_type=\"widget\" data-widget_type=\"html.default\">\n\t\t\t\t<div class=\"elementor-widget-container\">\n\t\t\t\t\t<\/br><\/br><\/br>\nEn TELECLOUD estamos prepar\u00e1ndonos d\u00eda con d\u00eda para ofrecerte las mejores respuestas a tus necesidades de INTEGRACI\u00d3N TECNOL\u00d3GICA, las mejores marcas han confiado en nosotros, ahora te toca a ti, cont\u00e1ctanos:\n<\/br><\/br>\n<b>contacto@telecloud.com.mx<\/b>\n<\/br><\/br>\nTel\u00e9fono:\n<\/br>\n+52 (442) 213 6721\n<\/br><\/br>\nDirecci\u00f3n:P.\u00ba de Mosc\u00fa 316, Tejeda, 76904 El Pueblito, Qro.\n<\/br><\/br>\n<b>Telecloud es una empresa de: <\/b>\n<\/br>\n<img decoding=\"async\" src=\"https:\/\/telecloud.com.mx\/wp-content\/uploads\/2022\/07\/capa3-e1658347917957.jpg\">\t\t\t\t<\/div>\n\t\t\t\t<\/div>\n\t\t\t\t\t<\/div>\n\t\t<\/div>\n\t\t\t\t\t<\/div>\n\t\t<\/section>\n\t\t\t\t<\/div>\n\t\t","protected":false},"excerpt":{"rendered":"<p>En TELECLOUD estamos prepar\u00e1ndonos d\u00eda con d\u00eda para ofrecerte las mejores respuestas a tus necesidades de INTEGRACI\u00d3N TECNOL\u00d3GICA, las mejores marcas han confiado en nosotros, ahora te toca a ti, cont\u00e1ctanos: contacto@telecloud.com.mx Tel\u00e9fono: +52 (442) 213 6721 Direcci\u00f3n:P.\u00ba de Mosc\u00fa 316, Tejeda, 76904 El Pueblito, Qro. Telecloud es una empresa de:<\/p>\n","protected":false},"author":1,"featured_media":0,"parent":0,"menu_order":0,"comment_status":"closed","ping_status":"closed","template":"","meta":{"footnotes":""},"class_list":["post-3933","page","type-page","status-publish","hentry"],"_links":{"self":[{"href":"https:\/\/telecloud.com.mx\/index.php\/wp-json\/wp\/v2\/pages\/3933","targetHints":{"allow":["GET"]}}],"collection":[{"href":"https:\/\/telecloud.com.mx\/index.php\/wp-json\/wp\/v2\/pages"}],"about":[{"href":"https:\/\/telecloud.com.mx\/index.php\/wp-json\/wp\/v2\/types\/page"}],"author":[{"embeddable":true,"href":"https:\/\/telecloud.com.mx\/index.php\/wp-json\/wp\/v2\/users\/1"}],"replies":[{"embeddable":true,"href":"https:\/\/telecloud.com.mx\/index.php\/wp-json\/wp\/v2\/comments?post=3933"}],"version-history":[{"count":64,"href":"https:\/\/telecloud.com.mx\/index.php\/wp-json\/wp\/v2\/pages\/3933\/revisions"}],"predecessor-version":[{"id":4334,"href":"https:\/\/telecloud.com.mx\/index.php\/wp-json\/wp\/v2\/pages\/3933\/revisions\/4334"}],"wp:attachment":[{"href":"https:\/\/telecloud.com.mx\/index.php\/wp-json\/wp\/v2\/media?parent=3933"}],"curies":[{"name":"wp","href":"https:\/\/api.w.org\/{rel}","templated":true}]}}