{"id":4342,"date":"2025-12-17T04:44:56","date_gmt":"2025-12-17T04:44:56","guid":{"rendered":"https:\/\/telecloud.com.mx\/?page_id=4342"},"modified":"2025-12-19T01:34:19","modified_gmt":"2025-12-19T01:34:19","slug":"politica-de-privacidad","status":"publish","type":"page","link":"https:\/\/telecloud.com.mx\/index.php\/politica-de-privacidad\/","title":{"rendered":"Politica de privacidad"},"content":{"rendered":"\t\t<div data-elementor-type=\"wp-page\" data-elementor-id=\"4342\" class=\"elementor elementor-4342\">\n\t\t\t\t\t\t<section class=\"elementor-section elementor-top-section elementor-element elementor-element-d0aadf9 elementor-section-boxed elementor-section-height-default elementor-section-height-default false\" data-id=\"d0aadf9\" data-element_type=\"section\">\n\t\t\t\t\t\t<div class=\"elementor-container elementor-column-gap-default\">\n\t\t\t\t\t<div class=\"elementor-column elementor-col-100 elementor-top-column elementor-element elementor-element-f36be26\" data-id=\"f36be26\" data-element_type=\"column\">\n\t\t\t<div class=\"elementor-widget-wrap elementor-element-populated\">\n\t\t\t\t\t\t<div class=\"elementor-element elementor-element-d1c4e15 elementor-widget elementor-widget-text-editor\" data-id=\"d1c4e15\" data-element_type=\"widget\" data-widget_type=\"text-editor.default\">\n\t\t\t\t<div class=\"elementor-widget-container\">\n\t\t\t\t\t\t\t\t\t<div id=\"comp-l3wyxc4f3\" class=\"Z_l5lU ku3DBC zQ9jDz qvSjx3 Vq6kJx comp-l3wyxc4f3 wixui-rich-text\" data-testid=\"richTextElement\"><h1 data-path-to-node=\"3\">AVISO DE PRIVACIDAD<\/h1><p data-path-to-node=\"4\"><b>1. Responsable de la protecci\u00f3n de sus datos personales<\/b> <b>TELECLOUD S.A. DE C.V.<\/b> (en lo sucesivo <b>&#8220;Telecloud&#8221;<\/b>), con domicilio en <b>Paseo de Mosc\u00fa 316, Fracc. Tejeda, C.P. 76904, Corregidora, Quer\u00e9taro<\/b>, y Registro Federal de Contribuyentes <b>TEL250324BJ8<\/b>, es el responsable del tratamiento y protecci\u00f3n de sus datos personales.<\/p><p data-path-to-node=\"5\"><b>2. Datos personales que se recaban<\/b> Para llevar a cabo las finalidades descritas en el presente aviso, recabaremos los siguientes datos:<\/p><ul data-path-to-node=\"6\"><li><p data-path-to-node=\"6,0,0\"><b>Identificaci\u00f3n:<\/b> Nombre completo o Raz\u00f3n Social.<\/p><\/li><li><p data-path-to-node=\"6,1,0\"><b>Contacto:<\/b> Direcci\u00f3n de correo electr\u00f3nico y tel\u00e9fono (fijo y\/o m\u00f3vil).<\/p><\/li><li><p data-path-to-node=\"6,2,0\"><b>Facturaci\u00f3n:<\/b> RFC, domicilio fiscal y uso de CFDI.<\/p><\/li><li><p data-path-to-node=\"6,3,0\"><b>Informaci\u00f3n T\u00e9cnica:<\/b> Datos relacionados con los servicios de nube o telecomunicaciones contratados.<\/p><\/li><\/ul><p data-path-to-node=\"7\"><b>3. Finalidades del tratamiento<\/b> Los datos personales que recabamos de usted, los utilizaremos para las siguientes finalidades que son <b>necesarias<\/b> para el servicio solicitado:<\/p><ul data-path-to-node=\"8\"><li><p data-path-to-node=\"8,0,0\">Prestaci\u00f3n de servicios de telecomunicaciones y soluciones en la nube.<\/p><\/li><li><p data-path-to-node=\"8,1,0\">Gesti\u00f3n, administraci\u00f3n y mantenimiento de las cuentas de usuario.<\/p><\/li><li><p data-path-to-node=\"8,2,0\">Procesamiento de pagos y emisi\u00f3n de facturas fiscales.<\/p><\/li><li><p data-path-to-node=\"8,3,0\">Brindar soporte t\u00e9cnico y atenci\u00f3n a clientes.<\/p><\/li><\/ul><p data-path-to-node=\"9\">De manera adicional, utilizaremos su informaci\u00f3n para las siguientes <b>finalidades secundarias<\/b> que no son necesarias para el servicio principal, pero que nos permiten brindarle una mejor atenci\u00f3n:<\/p><ul data-path-to-node=\"10\"><li><p data-path-to-node=\"10,0,0\">Env\u00edo de actualizaciones tecnol\u00f3gicas y promociones de nuevos servicios.<\/p><\/li><li><p data-path-to-node=\"10,1,0\">Evaluaci\u00f3n de la calidad del servicio.<\/p><\/li><li><p data-path-to-node=\"10,2,0\"><i>Si usted no desea que sus datos sean tratados para estas finalidades secundarias, puede enviar un correo en cualquier momento a: <b>contacto@telecloud.com.mx<\/b><\/i>.<\/p><\/li><\/ul><p data-path-to-node=\"11\"><b>4. Transferencia de datos<\/b> <b>Telecloud<\/b> no realizar\u00e1 transferencias de sus datos personales a terceros, nacionales o extranjeros, salvo que sea necesario para la prestaci\u00f3n del servicio (proveedores de infraestructura tecnol\u00f3gica), cuando sea requerido por mandato judicial o por autoridad competente, o en los casos exceptuados por la Ley.<\/p><p data-path-to-node=\"12\"><b>5. Medios para ejercer los Derechos ARCO<\/b> Usted tiene derecho a conocer qu\u00e9 datos personales tenemos de usted (<b>Acceso<\/b>), solicitar su correcci\u00f3n en caso de ser inexactos (<b>Rectificaci\u00f3n<\/b>), eliminarlos de nuestros registros (<b>Cancelaci\u00f3n<\/b>) u ponerse al uso de los mismos para fines espec\u00edficos (<b>Oposici\u00f3n<\/b>).<\/p><p data-path-to-node=\"13\">Para ejercer estos derechos, deber\u00e1 enviar una solicitud por escrito al Departamento de Datos Personales a trav\u00e9s de:<\/p><ul data-path-to-node=\"14\"><li><p data-path-to-node=\"14,0,0\"><b>Correo electr\u00f3nico:<\/b> contacto@telecloud.com.mx<\/p><\/li><li><p data-path-to-node=\"14,1,0\"><b>Tel\u00e9fono:<\/b> 442 213 6721<\/p><\/li><\/ul><p data-path-to-node=\"15\">La solicitud deber\u00e1 contener: nombre del titular, documentos que acrediten su identidad y la descripci\u00f3n clara de los datos sobre los que busca ejercer sus derechos.<\/p><p data-path-to-node=\"16\"><b>6. Uso de Cookies y Tecnolog\u00edas de Rastreo<\/b> Le informamos que en nuestra p\u00e1gina de internet utilizamos cookies y otras tecnolog\u00edas para monitorear su comportamiento como usuario y brindarle una mejor experiencia de navegaci\u00f3n y seguridad. Estos datos son para uso interno y no se comparten con terceros.<\/p><p data-path-to-node=\"17\"><b>7. Cambios al Aviso de Privacidad<\/b> El presente aviso de privacidad puede sufrir modificaciones o actualizaciones derivadas de nuevos requerimientos legales o de nuestras propias necesidades por los servicios que ofrecemos. Dichos cambios estar\u00e1n siempre disponibles en nuestro sitio web oficial.<\/p><p data-path-to-node=\"18\"><b>\u00daltima actualizaci\u00f3n:<\/b> 18 de diciembre de 2024.<\/p><\/div>\t\t\t\t\t\t\t\t<\/div>\n\t\t\t\t<\/div>\n\t\t\t\t\t<\/div>\n\t\t<\/div>\n\t\t\t\t\t<\/div>\n\t\t<\/section>\n\t\t\t\t<\/div>\n\t\t","protected":false},"excerpt":{"rendered":"<p>AVISO DE PRIVACIDAD 1. Responsable de la protecci\u00f3n de sus datos personales TELECLOUD S.A. DE C.V. (en lo sucesivo &#8220;Telecloud&#8221;), con domicilio en Paseo de Mosc\u00fa 316, Fracc. Tejeda, C.P. 76904, Corregidora, Quer\u00e9taro, y Registro Federal de Contribuyentes TEL250324BJ8, es el responsable del tratamiento y protecci\u00f3n de sus datos personales. 2. Datos personales que se [&hellip;]<\/p>\n","protected":false},"author":1,"featured_media":0,"parent":0,"menu_order":0,"comment_status":"closed","ping_status":"closed","template":"","meta":{"footnotes":""},"class_list":["post-4342","page","type-page","status-publish","hentry"],"_links":{"self":[{"href":"https:\/\/telecloud.com.mx\/index.php\/wp-json\/wp\/v2\/pages\/4342","targetHints":{"allow":["GET"]}}],"collection":[{"href":"https:\/\/telecloud.com.mx\/index.php\/wp-json\/wp\/v2\/pages"}],"about":[{"href":"https:\/\/telecloud.com.mx\/index.php\/wp-json\/wp\/v2\/types\/page"}],"author":[{"embeddable":true,"href":"https:\/\/telecloud.com.mx\/index.php\/wp-json\/wp\/v2\/users\/1"}],"replies":[{"embeddable":true,"href":"https:\/\/telecloud.com.mx\/index.php\/wp-json\/wp\/v2\/comments?post=4342"}],"version-history":[{"count":9,"href":"https:\/\/telecloud.com.mx\/index.php\/wp-json\/wp\/v2\/pages\/4342\/revisions"}],"predecessor-version":[{"id":4368,"href":"https:\/\/telecloud.com.mx\/index.php\/wp-json\/wp\/v2\/pages\/4342\/revisions\/4368"}],"wp:attachment":[{"href":"https:\/\/telecloud.com.mx\/index.php\/wp-json\/wp\/v2\/media?parent=4342"}],"curies":[{"name":"wp","href":"https:\/\/api.w.org\/{rel}","templated":true}]}}